{"id":2713,"date":"2020-05-05T15:35:45","date_gmt":"2020-05-05T13:35:45","guid":{"rendered":"https:\/\/mjr.gmbh\/?page_id=2713"},"modified":"2022-11-25T10:41:58","modified_gmt":"2022-11-25T09:41:58","slug":"mjr-racing-team","status":"publish","type":"page","link":"https:\/\/testsite.mjr.gmbh\/fr\/mjr-racing-team\/","title":{"rendered":"MJR eSports Racing Team"},"content":{"rendered":"<section class=\"l-section wpb_row height_medium\"><div class=\"l-section-h i-cf\"><div class=\"g-cols vc_row via_flex valign_top type_default stacking_default\"><div class=\"vc_col-sm-6 wpb_column vc_column_container\"><div class=\"vc_column-inner\"><div class=\"wpb_wrapper\"><div class=\"wpb_text_column\"><div class=\"wpb_wrapper\"><p><span style=\"font-size: 16pt;\"><strong>\u00dcber MJR eSports<\/strong><\/span><\/p>\n<p>MJR eSports ist ein deutsches eSports Team, welches in den Rennsimulationen Assetto Corsa Competizione und iRacing aktiv ist.<\/p>\n<p>Seit der Gr\u00fcndung im September 2021 durch Teamchef Jan Philipp Raber nimmt das Team an den beliebtesten Rennserien der deutschen eSport Szene Teil. Die professionell organisierten Rennen werden regelm\u00e4\u00dfig bei YouTube oder Twitch von teils professionellen Kommentatoren kommentiert. Dabei verfolgen mehr als 100 Zuschauer die Rennen.<\/p>\n<p>Zu den gr\u00f6\u00dften Erfolgen z\u00e4hlt der Klassensieg der VR3T in der VRL24H Saison 2019. Zu dem konnte man noch den Titel des Vize-Meister der Gesamtwertung gewinnen. Dazu wurden viele Siege in einzelnen Rennen und Top 5 Meisterschaftsplatzierungen in Teamwertungen verzeichnet.<\/p>\n<\/div><\/div><\/div><\/div><\/div><div class=\"vc_col-sm-6 wpb_column vc_column_container\"><div class=\"vc_column-inner\"><div class=\"wpb_wrapper\"><div class=\"w-image align_center\"><div class=\"w-image-h\"><img decoding=\"async\" width=\"1024\" height=\"576\" src=\"https:\/\/testsite.mjr.gmbh\/wp-content\/uploads\/MJRRacingAudiR8_maskiert-1024x576.png\" class=\"attachment-large size-large\" alt=\"\" loading=\"lazy\" srcset=\"https:\/\/testsite.mjr.gmbh\/wp-content\/uploads\/MJRRacingAudiR8_maskiert-1024x576.png 1024w, https:\/\/testsite.mjr.gmbh\/wp-content\/uploads\/MJRRacingAudiR8_maskiert-300x169.png 300w, https:\/\/testsite.mjr.gmbh\/wp-content\/uploads\/MJRRacingAudiR8_maskiert.png 1920w\" sizes=\"auto, (max-width: 1024px) 100vw, 1024px\" \/><\/div><\/div><\/div><\/div><\/div><div class=\"vc_col-sm-12 wpb_column vc_column_container\"><div class=\"vc_column-inner\"><div class=\"wpb_wrapper\">[vc_btn title=\u00a0\u00bbHier gehts zu MJR eSports\u00a0\u00bb color=\u00a0\u00bbdanger\u00a0\u00bb link=\u00a0\u00bburl:http%3A%2F%2Fwww.mjr-esports.de|title:MJR%20eSports|target:_blank\u00a0\u00bb]<div class=\"w-socials us_custom_e6c4af52 color_brand shape_rounded style_default hover_fade\" style=\"--gap:20px;\"><div class=\"w-socials-list\"><div class=\"w-socials-item facebook\"><a target=\"_blank\" rel=\"nofollow\" href=\"https:\/\/www.facebook.com\/mjresport01\" class=\"w-socials-item-link\" title=\"Facebook\" aria-label=\"Facebook\"><span class=\"w-socials-item-link-hover\"><\/span><i class=\"fab fa-facebook\"><\/i><\/a><div class=\"w-socials-item-popup\"><span>Facebook<\/span><\/div><\/div><div class=\"w-socials-item twitter\"><a target=\"_blank\" rel=\"nofollow\" href=\"https:\/\/twitter.com\/mjresports\" class=\"w-socials-item-link\" title=\"Twitter\" aria-label=\"Twitter\"><span class=\"w-socials-item-link-hover\"><\/span><i class=\"fab fa-x-twitter\"><svg style=\"width:1em; margin-bottom:-.1em;\" xmlns=\"http:\/\/www.w3.org\/2000\/svg\" viewBox=\"0 0 512 512\"><path fill=\"currentColor\" d=\"M389.2 48h70.6L305.6 224.2 487 464H345L233.7 318.6 106.5 464H35.8L200.7 275.5 26.8 48H172.4L272.9 180.9 389.2 48zM364.4 421.8h39.1L151.1 88h-42L364.4 421.8z\"\/><\/svg><\/i><\/a><div class=\"w-socials-item-popup\"><span>Twitter<\/span><\/div><\/div><div class=\"w-socials-item instagram\"><a target=\"_blank\" rel=\"nofollow\" href=\"https:\/\/www.instagram.com\/mjresports\" class=\"w-socials-item-link\" title=\"Instagram\" aria-label=\"Instagram\"><span class=\"w-socials-item-link-hover\"><\/span><i class=\"fab fa-instagram\"><\/i><\/a><div class=\"w-socials-item-popup\"><span>Instagram<\/span><\/div><\/div><\/div><\/div><div class=\"g-cols wpb_row via_flex valign_top type_default stacking_default\"><div class=\"vc_col-sm-12 wpb_column vc_column_container\"><div class=\"vc_column-inner\"><div class=\"wpb_wrapper\"><\/div><\/div><\/div><\/div><\/div><\/div><\/div><\/div><\/div><\/section>\n","protected":false},"excerpt":{"rendered":"\u00dcber MJR eSports MJR eSports ist ein deutsches eSports Team, welches in den Rennsimulationen Assetto Corsa Competizione und iRacing aktiv ist. Seit der Gr\u00fcndung im September 2021 durch Teamchef Jan Philipp Raber nimmt das Team an den beliebtesten Rennserien der deutschen eSport Szene Teil. Die professionell organisierten Rennen werden regelm\u00e4\u00dfig bei YouTube oder Twitch von...","protected":false},"author":18,"featured_media":2660,"parent":0,"menu_order":0,"comment_status":"closed","ping_status":"closed","template":"","meta":{"_acf_changed":false,"footnotes":""},"class_list":["post-2713","page","type-page","status-publish","has-post-thumbnail","hentry"],"acf":[],"yoast_head":"<!-- This site is optimized with the Yoast SEO plugin v23.7 - https:\/\/yoast.com\/wordpress\/plugins\/seo\/ -->\n<title>MJR eSports - MJR GmbH<\/title>\n<meta name=\"description\" content=\"MJR eSports - Realistische und leidenschaftliche Motorsport Simulation des eSports-Teams powered by MJR GmbH\" \/>\n<meta name=\"robots\" content=\"noindex, follow, max-snippet:-1, max-image-preview:large, max-video-preview:-1\" \/>\n<meta property=\"og:locale\" content=\"fr_FR\" \/>\n<meta property=\"og:type\" content=\"article\" \/>\n<meta property=\"og:title\" content=\"MJR eSports - MJR GmbH\" \/>\n<meta property=\"og:description\" content=\"MJR eSports - Realistische und leidenschaftliche Motorsport Simulation des eSports-Teams powered by MJR GmbH\" \/>\n<meta property=\"og:url\" content=\"https:\/\/testsite.mjr.gmbh\/mjr-racing-team\/\" \/>\n<meta property=\"og:site_name\" content=\"MJR GmbH\" \/>\n<meta property=\"article:publisher\" content=\"https:\/\/www.facebook.com\/mjr.gmbh\" \/>\n<meta property=\"article:modified_time\" content=\"2022-11-25T09:41:58+00:00\" \/>\n<meta property=\"og:image\" content=\"https:\/\/testsite.mjr.gmbh\/wp-content\/uploads\/MJRRacingAudiR8.jpg\" \/>\n\t<meta property=\"og:image:width\" content=\"1920\" \/>\n\t<meta property=\"og:image:height\" content=\"1080\" \/>\n\t<meta property=\"og:image:type\" content=\"image\/jpeg\" \/>\n<meta name=\"twitter:card\" content=\"summary_large_image\" \/>\n<meta name=\"twitter:label1\" content=\"Dur\u00e9e de lecture estim\u00e9e\" \/>\n\t<meta name=\"twitter:data1\" content=\"1 minute\" \/>\n<script type=\"application\/ld+json\" class=\"yoast-schema-graph\">{\"@context\":\"https:\/\/schema.org\",\"@graph\":[{\"@type\":\"WebPage\",\"@id\":\"https:\/\/testsite.mjr.gmbh\/mjr-racing-team\/\",\"url\":\"https:\/\/testsite.mjr.gmbh\/mjr-racing-team\/\",\"name\":\"MJR eSports - MJR GmbH\",\"isPartOf\":{\"@id\":\"https:\/\/testsite.mjr.gmbh\/#website\"},\"primaryImageOfPage\":{\"@id\":\"https:\/\/testsite.mjr.gmbh\/mjr-racing-team\/#primaryimage\"},\"image\":{\"@id\":\"https:\/\/testsite.mjr.gmbh\/mjr-racing-team\/#primaryimage\"},\"thumbnailUrl\":\"https:\/\/testsite.mjr.gmbh\/wp-content\/uploads\/MJRRacingAudiR8.jpg\",\"datePublished\":\"2020-05-05T13:35:45+00:00\",\"dateModified\":\"2022-11-25T09:41:58+00:00\",\"description\":\"MJR eSports - Realistische und leidenschaftliche Motorsport Simulation des eSports-Teams powered by MJR GmbH\",\"breadcrumb\":{\"@id\":\"https:\/\/testsite.mjr.gmbh\/mjr-racing-team\/#breadcrumb\"},\"inLanguage\":\"fr-FR\",\"potentialAction\":[{\"@type\":\"ReadAction\",\"target\":[\"https:\/\/testsite.mjr.gmbh\/mjr-racing-team\/\"]}]},{\"@type\":\"ImageObject\",\"inLanguage\":\"fr-FR\",\"@id\":\"https:\/\/testsite.mjr.gmbh\/mjr-racing-team\/#primaryimage\",\"url\":\"https:\/\/testsite.mjr.gmbh\/wp-content\/uploads\/MJRRacingAudiR8.jpg\",\"contentUrl\":\"https:\/\/testsite.mjr.gmbh\/wp-content\/uploads\/MJRRacingAudiR8.jpg\",\"width\":1920,\"height\":1080,\"caption\":\"MJR Racing Team Audi R8\"},{\"@type\":\"BreadcrumbList\",\"@id\":\"https:\/\/testsite.mjr.gmbh\/mjr-racing-team\/#breadcrumb\",\"itemListElement\":[{\"@type\":\"ListItem\",\"position\":1,\"name\":\"Startseite\",\"item\":\"https:\/\/testsite.mjr.gmbh\/\"},{\"@type\":\"ListItem\",\"position\":2,\"name\":\"MJR eSports Racing Team\"}]},{\"@type\":\"WebSite\",\"@id\":\"https:\/\/testsite.mjr.gmbh\/#website\",\"url\":\"https:\/\/testsite.mjr.gmbh\/\",\"name\":\"MJR GmbH\",\"description\":\"MJR GmbH - Digitalisierung f\u00fcr den Mittelstand\",\"publisher\":{\"@id\":\"https:\/\/testsite.mjr.gmbh\/#organization\"},\"potentialAction\":[{\"@type\":\"SearchAction\",\"target\":{\"@type\":\"EntryPoint\",\"urlTemplate\":\"https:\/\/testsite.mjr.gmbh\/?s={search_term_string}\"},\"query-input\":{\"@type\":\"PropertyValueSpecification\",\"valueRequired\":true,\"valueName\":\"search_term_string\"}}],\"inLanguage\":\"fr-FR\"},{\"@type\":\"Organization\",\"@id\":\"https:\/\/testsite.mjr.gmbh\/#organization\",\"name\":\"MJR GmbH\",\"url\":\"https:\/\/testsite.mjr.gmbh\/\",\"logo\":{\"@type\":\"ImageObject\",\"inLanguage\":\"fr-FR\",\"@id\":\"https:\/\/testsite.mjr.gmbh\/#\/schema\/logo\/image\/\",\"url\":\"\",\"contentUrl\":\"\",\"caption\":\"MJR GmbH\"},\"image\":{\"@id\":\"https:\/\/testsite.mjr.gmbh\/#\/schema\/logo\/image\/\"},\"sameAs\":[\"https:\/\/www.facebook.com\/mjr.gmbh\",\"https:\/\/www.instagram.com\/mjrgmbh\",\"https:\/\/www.linkedin.com\/company\/mjrgmbh\/\",\"https:\/\/www.youtube.com\/channel\/UCodd4EtgS-12wppUPRXK8QA\"]}]}<\/script>\n<!-- \/ Yoast SEO plugin. -->","yoast_head_json":{"title":"MJR eSports - MJR GmbH","description":"MJR eSports - Realistische und leidenschaftliche Motorsport Simulation des eSports-Teams powered by MJR GmbH","robots":{"index":"noindex","follow":"follow","max-snippet":"max-snippet:-1","max-image-preview":"max-image-preview:large","max-video-preview":"max-video-preview:-1"},"og_locale":"fr_FR","og_type":"article","og_title":"MJR eSports - MJR GmbH","og_description":"MJR eSports - Realistische und leidenschaftliche Motorsport Simulation des eSports-Teams powered by MJR GmbH","og_url":"https:\/\/testsite.mjr.gmbh\/mjr-racing-team\/","og_site_name":"MJR GmbH","article_publisher":"https:\/\/www.facebook.com\/mjr.gmbh","article_modified_time":"2022-11-25T09:41:58+00:00","og_image":[{"width":1920,"height":1080,"url":"https:\/\/testsite.mjr.gmbh\/wp-content\/uploads\/MJRRacingAudiR8.jpg","type":"image\/jpeg"}],"twitter_card":"summary_large_image","twitter_misc":{"Dur\u00e9e de lecture estim\u00e9e":"1 minute"},"schema":{"@context":"https:\/\/schema.org","@graph":[{"@type":"WebPage","@id":"https:\/\/testsite.mjr.gmbh\/mjr-racing-team\/","url":"https:\/\/testsite.mjr.gmbh\/mjr-racing-team\/","name":"MJR eSports - MJR GmbH","isPartOf":{"@id":"https:\/\/testsite.mjr.gmbh\/#website"},"primaryImageOfPage":{"@id":"https:\/\/testsite.mjr.gmbh\/mjr-racing-team\/#primaryimage"},"image":{"@id":"https:\/\/testsite.mjr.gmbh\/mjr-racing-team\/#primaryimage"},"thumbnailUrl":"https:\/\/testsite.mjr.gmbh\/wp-content\/uploads\/MJRRacingAudiR8.jpg","datePublished":"2020-05-05T13:35:45+00:00","dateModified":"2022-11-25T09:41:58+00:00","description":"MJR eSports - Realistische und leidenschaftliche Motorsport Simulation des eSports-Teams powered by MJR GmbH","breadcrumb":{"@id":"https:\/\/testsite.mjr.gmbh\/mjr-racing-team\/#breadcrumb"},"inLanguage":"fr-FR","potentialAction":[{"@type":"ReadAction","target":["https:\/\/testsite.mjr.gmbh\/mjr-racing-team\/"]}]},{"@type":"ImageObject","inLanguage":"fr-FR","@id":"https:\/\/testsite.mjr.gmbh\/mjr-racing-team\/#primaryimage","url":"https:\/\/testsite.mjr.gmbh\/wp-content\/uploads\/MJRRacingAudiR8.jpg","contentUrl":"https:\/\/testsite.mjr.gmbh\/wp-content\/uploads\/MJRRacingAudiR8.jpg","width":1920,"height":1080,"caption":"MJR Racing Team Audi R8"},{"@type":"BreadcrumbList","@id":"https:\/\/testsite.mjr.gmbh\/mjr-racing-team\/#breadcrumb","itemListElement":[{"@type":"ListItem","position":1,"name":"Startseite","item":"https:\/\/testsite.mjr.gmbh\/"},{"@type":"ListItem","position":2,"name":"MJR eSports Racing Team"}]},{"@type":"WebSite","@id":"https:\/\/testsite.mjr.gmbh\/#website","url":"https:\/\/testsite.mjr.gmbh\/","name":"MJR GmbH","description":"MJR GmbH - Digitalisierung f\u00fcr den Mittelstand","publisher":{"@id":"https:\/\/testsite.mjr.gmbh\/#organization"},"potentialAction":[{"@type":"SearchAction","target":{"@type":"EntryPoint","urlTemplate":"https:\/\/testsite.mjr.gmbh\/?s={search_term_string}"},"query-input":{"@type":"PropertyValueSpecification","valueRequired":true,"valueName":"search_term_string"}}],"inLanguage":"fr-FR"},{"@type":"Organization","@id":"https:\/\/testsite.mjr.gmbh\/#organization","name":"MJR GmbH","url":"https:\/\/testsite.mjr.gmbh\/","logo":{"@type":"ImageObject","inLanguage":"fr-FR","@id":"https:\/\/testsite.mjr.gmbh\/#\/schema\/logo\/image\/","url":"","contentUrl":"","caption":"MJR GmbH"},"image":{"@id":"https:\/\/testsite.mjr.gmbh\/#\/schema\/logo\/image\/"},"sameAs":["https:\/\/www.facebook.com\/mjr.gmbh","https:\/\/www.instagram.com\/mjrgmbh","https:\/\/www.linkedin.com\/company\/mjrgmbh\/","https:\/\/www.youtube.com\/channel\/UCodd4EtgS-12wppUPRXK8QA"]}]}},"_links":{"self":[{"href":"https:\/\/testsite.mjr.gmbh\/fr\/wp-json\/wp\/v2\/pages\/2713","targetHints":{"allow":["GET"]}}],"collection":[{"href":"https:\/\/testsite.mjr.gmbh\/fr\/wp-json\/wp\/v2\/pages"}],"about":[{"href":"https:\/\/testsite.mjr.gmbh\/fr\/wp-json\/wp\/v2\/types\/page"}],"author":[{"embeddable":true,"href":"https:\/\/testsite.mjr.gmbh\/fr\/wp-json\/wp\/v2\/users\/18"}],"replies":[{"embeddable":true,"href":"https:\/\/testsite.mjr.gmbh\/fr\/wp-json\/wp\/v2\/comments?post=2713"}],"version-history":[{"count":0,"href":"https:\/\/testsite.mjr.gmbh\/fr\/wp-json\/wp\/v2\/pages\/2713\/revisions"}],"wp:featuredmedia":[{"embeddable":true,"href":"https:\/\/testsite.mjr.gmbh\/fr\/wp-json\/wp\/v2\/media\/2660"}],"wp:attachment":[{"href":"https:\/\/testsite.mjr.gmbh\/fr\/wp-json\/wp\/v2\/media?parent=2713"}],"curies":[{"name":"wp","href":"https:\/\/api.w.org\/{rel}","templated":true}]}}