{"id":124,"date":"2019-05-31T18:41:46","date_gmt":"2019-05-31T16:41:46","guid":{"rendered":"https:\/\/mjr.gmbh\/?page_id=124"},"modified":"2022-08-22T14:58:25","modified_gmt":"2022-08-22T12:58:25","slug":"schulung","status":"publish","type":"page","link":"https:\/\/testsite.mjr.gmbh\/fr\/schulung\/","title":{"rendered":"Schulungen von erfahrenen IT Spezialisten"},"content":{"rendered":"<section class=\"l-section wpb_row height_medium\"><div class=\"l-section-h i-cf\"><div class=\"g-cols vc_row via_flex valign_top type_default stacking_default\"><div class=\"vc_col-sm-12 wpb_column vc_column_container\"><div class=\"vc_column-inner\"><div class=\"wpb_wrapper\"><div class=\"wpb_text_column\"><div class=\"wpb_wrapper\"><h2>MJR Academy &#8211; Fit f\u00fcr die Zukunft.<\/h2>\n<p><span style=\"font-size: 14pt;\">In praxisorientierten Schulungen bereitet Sie unser erfahrenes Team unabh\u00e4ngig von Ihren Vorkenntnissen auf die Produkte und Technologien von Morgen vor. Gerne f\u00fchren wir kundenspezifische Schulungen in Ihrem Unternehmen durch &#8211; individuell, flexibel und exakt auf Ihre Bed\u00fcrfnisse zugeschnitten.<\/span><\/p>\n<p><span style=\"font-size: 14pt;\">Sprechen Sie uns an<\/span>.<\/p>\n<\/div><\/div>\n<div class=\"w-btn-wrapper align_none\"><a class=\"w-btn us-btn-style_1 icon_atleft\" title=\"Jetzt unverbindlich anfragen!\" href=\"\/schulung\/#anfragen\"><i class=\"fas fa-angle-down\"><\/i><span class=\"w-btn-label\">Anfragen<\/span><\/a><\/div><\/div><\/div><\/div><\/div><\/div><\/section><section class=\"l-section wpb_row height_medium color_alternate\" id=\"anfragen\"><div class=\"l-section-h i-cf\"><div class=\"g-cols vc_row via_flex valign_top type_default stacking_default\">\n<div class=\"vc_col-sm-2 wpb_column vc_column_container\"><div class=\"vc_column-inner\"><div class=\"wpb_wrapper\"><\/div><\/div><\/div><div class=\"vc_col-sm-8 wpb_column vc_column_container\"><div class=\"vc_column-inner\"><div class=\"wpb_wrapper\">\n<div class=\"wpcf7 no-js\" id=\"wpcf7-f5839-o1\" lang=\"de-DE\" dir=\"ltr\" data-wpcf7-id=\"5839\">\n<div class=\"screen-reader-response\"><p role=\"status\" aria-live=\"polite\" aria-atomic=\"true\"><\/p> <ul><\/ul><\/div>\n<form action=\"\/fr\/wp-json\/wp\/v2\/pages\/124#wpcf7-f5839-o1\" method=\"post\" class=\"wpcf7-form init\" aria-label=\"Kontaktformular\" novalidate=\"novalidate\" data-status=\"init\">\n<div style=\"display: none;\">\n<input type=\"hidden\" name=\"_wpcf7\" value=\"5839\" \/>\n<input type=\"hidden\" name=\"_wpcf7_version\" value=\"6.0\" \/>\n<input type=\"hidden\" name=\"_wpcf7_locale\" value=\"de_DE\" \/>\n<input type=\"hidden\" name=\"_wpcf7_unit_tag\" value=\"wpcf7-f5839-o1\" \/>\n<input type=\"hidden\" name=\"_wpcf7_container_post\" value=\"0\" \/>\n<input type=\"hidden\" name=\"_wpcf7_posted_data_hash\" value=\"\" \/>\n<\/div>\n<p><span class=\"wpcf7-form-control-wrap\" data-name=\"first-name\"><input size=\"40\" maxlength=\"400\" class=\"wpcf7-form-control wpcf7-text wpcf7-validates-as-required\" aria-required=\"true\" aria-invalid=\"false\" placeholder=\"Vorname*\" value=\"\" type=\"text\" name=\"first-name\" \/><\/span><br \/>\n<span class=\"wpcf7-form-control-wrap\" data-name=\"your-name\"><input size=\"40\" maxlength=\"400\" class=\"wpcf7-form-control wpcf7-text wpcf7-validates-as-required\" aria-required=\"true\" aria-invalid=\"false\" placeholder=\"Name*\" value=\"\" type=\"text\" name=\"your-name\" \/><\/span>\n<\/p>\n<p><span class=\"wpcf7-form-control-wrap\" data-name=\"email\"><input size=\"40\" maxlength=\"400\" class=\"wpcf7-form-control wpcf7-email wpcf7-validates-as-required wpcf7-text wpcf7-validates-as-email\" aria-required=\"true\" aria-invalid=\"false\" placeholder=\"Ihre E-Mail Adresse*\" value=\"\" type=\"email\" name=\"email\" \/><\/span><br \/>\n<span class=\"wpcf7-form-control-wrap\" data-name=\"telfon-23\"><input size=\"40\" maxlength=\"400\" class=\"wpcf7-form-control wpcf7-tel wpcf7-validates-as-required wpcf7-text wpcf7-validates-as-tel\" aria-required=\"true\" aria-invalid=\"false\" placeholder=\"Telefon*\" value=\"\" type=\"tel\" name=\"telfon-23\" \/><\/span>\n<\/p>\n<p><span class=\"wpcf7-form-control-wrap\" data-name=\"topic\"><textarea cols=\"40\" rows=\"10\" maxlength=\"2000\" class=\"wpcf7-form-control wpcf7-textarea\" aria-invalid=\"false\" placeholder=\"Thematik\" name=\"topic\"><\/textarea><\/span><br \/>\n<span class=\"wpcf7-form-control-wrap\" data-name=\"knowledge\"><textarea cols=\"40\" rows=\"10\" maxlength=\"2000\" class=\"wpcf7-form-control wpcf7-textarea\" aria-invalid=\"false\" placeholder=\"Vorkenntnisse\" name=\"knowledge\"><\/textarea><\/span>\n<\/p>\n<p><span class=\"wpcf7-form-control-wrap\" data-name=\"options\"><span class=\"wpcf7-form-control wpcf7-radio\"><span class=\"wpcf7-list-item first\"><label><input type=\"radio\" name=\"options\" value=\"Bei MJR\" checked=\"checked\" \/><span class=\"wpcf7-list-item-label\">Bei MJR<\/span><\/label><\/span><span class=\"wpcf7-list-item last\"><label><input type=\"radio\" name=\"options\" value=\"On Site\" \/><span class=\"wpcf7-list-item-label\">On Site<\/span><\/label><\/span><\/span><\/span>\n<\/p>\n<p><span class=\"wpcf7-form-control-wrap\" data-name=\"acceptance-standard\"><span class=\"wpcf7-form-control wpcf7-acceptance\"><span class=\"wpcf7-list-item\"><label><input type=\"checkbox\" name=\"acceptance-standard\" value=\"1\" aria-invalid=\"false\" \/><span class=\"wpcf7-list-item-label\">Ich stimme zu, dass meine Angaben aus dem Kontaktformular zur Beantwortung meiner Anfrage erhoben und verarbeitet werden. <br> Die Daten werden nach abgeschlossener Bearbeitung Ihrer Anfrage gel\u00f6scht. Hinweis: Sie k\u00f6nnen Ihre Einwilligung jederzeit f\u00fcr die Zukunft per E-Mail an kontakt@mjr.gmbh widerrufen. <br><br> Informationen zum Umgang mit Nutzerdaten finden Sie in unserer <a title=\"Datenschutz\" href=\"\/datenschutz\"  target=\"_blank\">Datenschutzerkl\u00e4rung<\/a>.<\/span><\/label><\/span><\/span><\/span>\n<\/p>\n<p><span id=\"wpcf7-69ff38c9eb3df-wrapper\" class=\"wpcf7-form-control-wrap honeypot-514-wrap\" style=\"display:none !important; visibility:hidden !important;\"><label for=\"wpcf7-69ff38c9eb3df-field\" class=\"hp-message\">Bitte lasse dieses Feld leer.<\/label><input id=\"wpcf7-69ff38c9eb3df-field\"  class=\"wpcf7-form-control wpcf7-text\" type=\"text\" name=\"honeypot-514\" value=\"\" size=\"40\" tabindex=\"-1\" autocomplete=\"new-password\" \/><\/span>\n<\/p>\n<p><input class=\"wpcf7-form-control wpcf7-submit has-spinner cf7cntcbtn\" id=\"submit\" type=\"submit\" value=\"Absenden\" \/>\n<\/p><input type=\"text\" name=\"tTRKv\" value=\"\" style=\"display: none !important;\" \/><div class=\"wpcf7-response-output\" aria-hidden=\"true\"><\/div>\n<\/form>\n<\/div>\n<\/div><\/div><\/div><div class=\"vc_col-sm-2 wpb_column vc_column_container\"><div class=\"vc_column-inner\"><div class=\"wpb_wrapper\"><\/div><\/div><\/div><\/div><\/div><\/section>\n","protected":false},"excerpt":{"rendered":"MJR Academy &#8211; Fit f\u00fcr die Zukunft. In praxisorientierten Schulungen bereitet Sie unser erfahrenes Team unabh\u00e4ngig von Ihren Vorkenntnissen auf die Produkte und Technologien von Morgen vor. Gerne f\u00fchren wir kundenspezifische Schulungen in Ihrem Unternehmen durch &#8211; individuell, flexibel und exakt auf Ihre Bed\u00fcrfnisse zugeschnitten. Sprechen Sie uns an. Anfragen Bei MJROn Site Ich stimme...","protected":false},"author":18,"featured_media":0,"parent":0,"menu_order":0,"comment_status":"closed","ping_status":"closed","template":"","meta":{"_acf_changed":false,"footnotes":""},"class_list":["post-124","page","type-page","status-publish","hentry"],"acf":[],"yoast_head":"<!-- This site is optimized with the Yoast SEO plugin v23.7 - https:\/\/yoast.com\/wordpress\/plugins\/seo\/ -->\n<title>MJR Academy - Fit f\u00fcr die Zukunft | MJR GmbH<\/title>\n<meta name=\"description\" content=\"In praxisorientierten Schulungen bereitet Sie unser erfahrenes Team auf die Produkte und Technologien von Morgen vor.\" \/>\n<meta name=\"robots\" content=\"noindex, follow, max-snippet:-1, max-image-preview:large, max-video-preview:-1\" \/>\n<meta property=\"og:locale\" content=\"fr_FR\" \/>\n<meta property=\"og:type\" content=\"article\" \/>\n<meta property=\"og:title\" content=\"MJR Academy - Fit f\u00fcr die Zukunft | MJR GmbH\" \/>\n<meta property=\"og:description\" content=\"In praxisorientierten Schulungen bereitet Sie unser erfahrenes Team auf die Produkte und Technologien von Morgen vor.\" \/>\n<meta property=\"og:url\" content=\"https:\/\/testsite.mjr.gmbh\/schulung\/\" \/>\n<meta property=\"og:site_name\" content=\"MJR GmbH\" \/>\n<meta property=\"article:publisher\" content=\"https:\/\/www.facebook.com\/mjr.gmbh\" \/>\n<meta property=\"article:modified_time\" content=\"2022-08-22T12:58:25+00:00\" \/>\n<meta name=\"twitter:card\" content=\"summary_large_image\" \/>\n<meta name=\"twitter:label1\" content=\"Dur\u00e9e de lecture estim\u00e9e\" \/>\n\t<meta name=\"twitter:data1\" content=\"1 minute\" \/>\n<script type=\"application\/ld+json\" class=\"yoast-schema-graph\">{\"@context\":\"https:\/\/schema.org\",\"@graph\":[{\"@type\":\"WebPage\",\"@id\":\"https:\/\/testsite.mjr.gmbh\/schulung\/\",\"url\":\"https:\/\/testsite.mjr.gmbh\/schulung\/\",\"name\":\"MJR Academy - Fit f\u00fcr die Zukunft | MJR GmbH\",\"isPartOf\":{\"@id\":\"https:\/\/testsite.mjr.gmbh\/#website\"},\"datePublished\":\"2019-05-31T16:41:46+00:00\",\"dateModified\":\"2022-08-22T12:58:25+00:00\",\"description\":\"In praxisorientierten Schulungen bereitet Sie unser erfahrenes Team auf die Produkte und Technologien von Morgen vor.\",\"breadcrumb\":{\"@id\":\"https:\/\/testsite.mjr.gmbh\/schulung\/#breadcrumb\"},\"inLanguage\":\"fr-FR\",\"potentialAction\":[{\"@type\":\"ReadAction\",\"target\":[\"https:\/\/testsite.mjr.gmbh\/schulung\/\"]}]},{\"@type\":\"BreadcrumbList\",\"@id\":\"https:\/\/testsite.mjr.gmbh\/schulung\/#breadcrumb\",\"itemListElement\":[{\"@type\":\"ListItem\",\"position\":1,\"name\":\"Startseite\",\"item\":\"https:\/\/testsite.mjr.gmbh\/\"},{\"@type\":\"ListItem\",\"position\":2,\"name\":\"Schulungen von erfahrenen IT Spezialisten\"}]},{\"@type\":\"WebSite\",\"@id\":\"https:\/\/testsite.mjr.gmbh\/#website\",\"url\":\"https:\/\/testsite.mjr.gmbh\/\",\"name\":\"MJR GmbH\",\"description\":\"MJR GmbH - Digitalisierung f\u00fcr den Mittelstand\",\"publisher\":{\"@id\":\"https:\/\/testsite.mjr.gmbh\/#organization\"},\"potentialAction\":[{\"@type\":\"SearchAction\",\"target\":{\"@type\":\"EntryPoint\",\"urlTemplate\":\"https:\/\/testsite.mjr.gmbh\/?s={search_term_string}\"},\"query-input\":{\"@type\":\"PropertyValueSpecification\",\"valueRequired\":true,\"valueName\":\"search_term_string\"}}],\"inLanguage\":\"fr-FR\"},{\"@type\":\"Organization\",\"@id\":\"https:\/\/testsite.mjr.gmbh\/#organization\",\"name\":\"MJR GmbH\",\"url\":\"https:\/\/testsite.mjr.gmbh\/\",\"logo\":{\"@type\":\"ImageObject\",\"inLanguage\":\"fr-FR\",\"@id\":\"https:\/\/testsite.mjr.gmbh\/#\/schema\/logo\/image\/\",\"url\":\"\",\"contentUrl\":\"\",\"caption\":\"MJR GmbH\"},\"image\":{\"@id\":\"https:\/\/testsite.mjr.gmbh\/#\/schema\/logo\/image\/\"},\"sameAs\":[\"https:\/\/www.facebook.com\/mjr.gmbh\",\"https:\/\/www.instagram.com\/mjrgmbh\",\"https:\/\/www.linkedin.com\/company\/mjrgmbh\/\",\"https:\/\/www.youtube.com\/channel\/UCodd4EtgS-12wppUPRXK8QA\"]}]}<\/script>\n<!-- \/ Yoast SEO plugin. -->","yoast_head_json":{"title":"MJR Academy - Fit f\u00fcr die Zukunft | MJR GmbH","description":"In praxisorientierten Schulungen bereitet Sie unser erfahrenes Team auf die Produkte und Technologien von Morgen vor.","robots":{"index":"noindex","follow":"follow","max-snippet":"max-snippet:-1","max-image-preview":"max-image-preview:large","max-video-preview":"max-video-preview:-1"},"og_locale":"fr_FR","og_type":"article","og_title":"MJR Academy - Fit f\u00fcr die Zukunft | MJR GmbH","og_description":"In praxisorientierten Schulungen bereitet Sie unser erfahrenes Team auf die Produkte und Technologien von Morgen vor.","og_url":"https:\/\/testsite.mjr.gmbh\/schulung\/","og_site_name":"MJR GmbH","article_publisher":"https:\/\/www.facebook.com\/mjr.gmbh","article_modified_time":"2022-08-22T12:58:25+00:00","twitter_card":"summary_large_image","twitter_misc":{"Dur\u00e9e de lecture estim\u00e9e":"1 minute"},"schema":{"@context":"https:\/\/schema.org","@graph":[{"@type":"WebPage","@id":"https:\/\/testsite.mjr.gmbh\/schulung\/","url":"https:\/\/testsite.mjr.gmbh\/schulung\/","name":"MJR Academy - Fit f\u00fcr die Zukunft | MJR GmbH","isPartOf":{"@id":"https:\/\/testsite.mjr.gmbh\/#website"},"datePublished":"2019-05-31T16:41:46+00:00","dateModified":"2022-08-22T12:58:25+00:00","description":"In praxisorientierten Schulungen bereitet Sie unser erfahrenes Team auf die Produkte und Technologien von Morgen vor.","breadcrumb":{"@id":"https:\/\/testsite.mjr.gmbh\/schulung\/#breadcrumb"},"inLanguage":"fr-FR","potentialAction":[{"@type":"ReadAction","target":["https:\/\/testsite.mjr.gmbh\/schulung\/"]}]},{"@type":"BreadcrumbList","@id":"https:\/\/testsite.mjr.gmbh\/schulung\/#breadcrumb","itemListElement":[{"@type":"ListItem","position":1,"name":"Startseite","item":"https:\/\/testsite.mjr.gmbh\/"},{"@type":"ListItem","position":2,"name":"Schulungen von erfahrenen IT Spezialisten"}]},{"@type":"WebSite","@id":"https:\/\/testsite.mjr.gmbh\/#website","url":"https:\/\/testsite.mjr.gmbh\/","name":"MJR GmbH","description":"MJR GmbH - Digitalisierung f\u00fcr den Mittelstand","publisher":{"@id":"https:\/\/testsite.mjr.gmbh\/#organization"},"potentialAction":[{"@type":"SearchAction","target":{"@type":"EntryPoint","urlTemplate":"https:\/\/testsite.mjr.gmbh\/?s={search_term_string}"},"query-input":{"@type":"PropertyValueSpecification","valueRequired":true,"valueName":"search_term_string"}}],"inLanguage":"fr-FR"},{"@type":"Organization","@id":"https:\/\/testsite.mjr.gmbh\/#organization","name":"MJR GmbH","url":"https:\/\/testsite.mjr.gmbh\/","logo":{"@type":"ImageObject","inLanguage":"fr-FR","@id":"https:\/\/testsite.mjr.gmbh\/#\/schema\/logo\/image\/","url":"","contentUrl":"","caption":"MJR GmbH"},"image":{"@id":"https:\/\/testsite.mjr.gmbh\/#\/schema\/logo\/image\/"},"sameAs":["https:\/\/www.facebook.com\/mjr.gmbh","https:\/\/www.instagram.com\/mjrgmbh","https:\/\/www.linkedin.com\/company\/mjrgmbh\/","https:\/\/www.youtube.com\/channel\/UCodd4EtgS-12wppUPRXK8QA"]}]}},"_links":{"self":[{"href":"https:\/\/testsite.mjr.gmbh\/fr\/wp-json\/wp\/v2\/pages\/124","targetHints":{"allow":["GET"]}}],"collection":[{"href":"https:\/\/testsite.mjr.gmbh\/fr\/wp-json\/wp\/v2\/pages"}],"about":[{"href":"https:\/\/testsite.mjr.gmbh\/fr\/wp-json\/wp\/v2\/types\/page"}],"author":[{"embeddable":true,"href":"https:\/\/testsite.mjr.gmbh\/fr\/wp-json\/wp\/v2\/users\/18"}],"replies":[{"embeddable":true,"href":"https:\/\/testsite.mjr.gmbh\/fr\/wp-json\/wp\/v2\/comments?post=124"}],"version-history":[{"count":0,"href":"https:\/\/testsite.mjr.gmbh\/fr\/wp-json\/wp\/v2\/pages\/124\/revisions"}],"wp:attachment":[{"href":"https:\/\/testsite.mjr.gmbh\/fr\/wp-json\/wp\/v2\/media?parent=124"}],"curies":[{"name":"wp","href":"https:\/\/api.w.org\/{rel}","templated":true}]}}